{"id":568,"date":"2021-01-14T11:31:32","date_gmt":"2021-01-14T10:31:32","guid":{"rendered":"https:\/\/ailish-holly.com\/sobre-mi\/"},"modified":"2021-01-25T18:51:50","modified_gmt":"2021-01-25T17:51:50","slug":"sobre-mi","status":"publish","type":"page","link":"https:\/\/ailish-holly.com\/ca\/sobre-mi\/","title":{"rendered":"Sobre mi"},"content":{"rendered":"<p>[et_pb_section fb_built=&#8221;1&#8243; admin_label=&#8221;Header&#8221; _builder_version=&#8221;4.4.5&#8243; overflow-x=&#8221;hidden&#8221; overflow-y=&#8221;hidden&#8221; custom_padding=&#8221;5vw||||false|false&#8221; locked=&#8221;off&#8221;][et_pb_row _builder_version=&#8221;4.4.5&#8243;][et_pb_column type=&#8221;4_4&#8243; _builder_version=&#8221;4.4.5&#8243;][et_pb_text _builder_version=&#8221;4.7.7&#8243; header_font=&#8221;Cutive Mono||||||||&#8221; header_text_color=&#8221;#000000&#8243; header_font_size=&#8221;80px&#8221; header_letter_spacing=&#8221;-0.1em&#8221; header_2_text_color=&#8221;#000000&#8243; background_image=&#8221;https:\/\/ailish-holly.com\/wp-content\/uploads\/sites\/9\/2020\/12\/freelance-writer-06.png&#8221; background_size=&#8221;initial&#8221; background_position=&#8221;bottom_left&#8221; z_index=&#8221;1&#8243; header_font_size_tablet=&#8221;64px&#8221; header_font_size_phone=&#8221;32px&#8221; header_font_size_last_edited=&#8221;on|desktop&#8221; header_letter_spacing_tablet=&#8221;-8px&#8221; header_letter_spacing_phone=&#8221;-4px&#8221; header_letter_spacing_last_edited=&#8221;off|tablet&#8221;]<\/p>\n<h1>Soc l&#8217;Ailish,<br \/>traductora i correctora<\/h1>\n<p>[\/et_pb_text][et_pb_image src=&#8221;https:\/\/ailish-holly.com\/wp-content\/uploads\/sites\/9\/2020\/12\/freelance-writer-05.png&#8221; title_text=&#8221;freelance-writer-05&#8243; align=&#8221;center&#8221; _builder_version=&#8221;4.7.7&#8243; animation_style=&#8221;slide&#8221; animation_direction=&#8221;left&#8221; animation_intensity_slide=&#8221;2%&#8221;][\/et_pb_image][\/et_pb_column][\/et_pb_row][et_pb_row column_structure=&#8221;3_5,2_5&#8243; _builder_version=&#8221;4.4.5&#8243; custom_margin=&#8221;8vw|auto||auto|false|false&#8221;][et_pb_column type=&#8221;3_5&#8243; _builder_version=&#8221;4.4.5&#8243;][et_pb_text _builder_version=&#8221;4.7.7&#8243; text_font=&#8221;Ubuntu||||||||&#8221; text_font_size=&#8221;16px&#8221; text_line_height=&#8221;1.8em&#8221; header_2_text_color=&#8221;#000000&#8243; custom_margin=&#8221;||||false|false&#8221; text_font_size_tablet=&#8221;14px&#8221; text_font_size_phone=&#8221;&#8221; text_font_size_last_edited=&#8221;on|phone&#8221;]<\/p>\n<p>La meva curiositat i amor per les lleng\u00fces es remunta als vespres c\u00e0lids de la Dordonya francesa on em relacionava amb nens i nenes de parla francesa i intentava entendre el que deien. Despr\u00e9s, immersa en els mesos d&#8217;hivern a Irlanda esperava ansiosa les cartes escrites a m\u00e0 dels meus amics per poder apuntar paraules noves en franc\u00e8s i comen\u00e7ar a escriure&#8217;ls la seg\u00fcent carta.<\/p>\n<p>La traducci\u00f3 era part del meu dest\u00ed. Ara que visc a Catalunya, estic immersa en una cultura estrangera cada dia, per\u00f2 mantinc intactes les meves arrels irlandeses i ajudo la gent a superar el sentiment de &#8220;lost in translation&#8221; i a tenir una veu en angl\u00e8s segura, natural i convincent.<\/p>\n<p>El 2004 vaig llicenciar-me en Espanyol i Franc\u00e8s al Trinity College de Dubl\u00edn, una carrera que inclo\u00efa m\u00f2duls de literatura, an\u00e0lisi de text i traducci\u00f3. El m\u00e0ster en Estudis de Traducci\u00f3 que vaig realitzar posteriorment em va permetre ampliar els meus coneixements en aquest \u00e0mbit i augmentar la meva sensibilitat envers tots els aspectes ling\u00fc\u00edstics, culturals i intel\u00b7lectuals que intervenen en el camp de la traducci\u00f3.<\/p>\n<p>[\/et_pb_text][\/et_pb_column][et_pb_column type=&#8221;2_5&#8243; _builder_version=&#8221;4.4.5&#8243;][dsm_block_reveal_image src=&#8221;https:\/\/ailish-holly.com\/wp-content\/uploads\/sites\/9\/2020\/12\/ailish-holly.jpg&#8221; title_text=&#8221;ailish-holly&#8221; block_reveal_color=&#8221;#FBE041&#8243; block_reveal_delay=&#8221;1&#8243; _builder_version=&#8221;4.7.7&#8243; _module_preset=&#8221;default&#8221; filter_saturate=&#8221;0%&#8221; filter_sepia=&#8221;19%&#8221;][\/dsm_block_reveal_image][et_pb_image src=&#8221;https:\/\/ailish-holly.com\/wp-content\/uploads\/sites\/9\/2020\/12\/freelance-writer-11-1.png&#8221; title_text=&#8221;  &#8221; admin_label=&#8221;Image&#8221; _builder_version=&#8221;4.4.5&#8243; custom_margin=&#8221;-4vw|-20vw|-4vw|60px|true|false&#8221; custom_margin_tablet=&#8221;-10vw|60px|-10vw|-20vw|true|false&#8221; custom_margin_phone=&#8221;&#8221; custom_margin_last_edited=&#8221;on|tablet&#8221; locked=&#8221;off&#8221;][\/et_pb_image][\/et_pb_column][\/et_pb_row][\/et_pb_section][et_pb_section fb_built=&#8221;1&#8243; admin_label=&#8221;Services&#8221; _builder_version=&#8221;4.4.5&#8243; custom_padding=&#8221;100px|||||&#8221;][et_pb_row disabled_on=&#8221;on|off|off&#8221; _builder_version=&#8221;4.7.7&#8243; background_image=&#8221;https:\/\/ailish-holly.com\/wp-content\/uploads\/sites\/9\/2020\/12\/freelance-writer-07.png&#8221; background_size=&#8221;initial&#8221; background_position=&#8221;top_center&#8221; custom_margin=&#8221;|auto|70px|auto|false|false&#8221; custom_padding=&#8221;0px|||||&#8221; locked=&#8221;off&#8221;][et_pb_column type=&#8221;4_4&#8243; _builder_version=&#8221;4.7.7&#8243; custom_css_main_element=&#8221;display:flex;||justify-content: center;&#8221;][dsm_text_notation notation_text=&#8221;Titulaci\u00f3&#8221; notation_color=&#8221;#FEE141&#8243; notation_width=&#8221;29&#8243; notation_iterations=&#8221;4&#8243; heading_html_tag=&#8221;h2&#8243; disabled_on=&#8221;on|off|off&#8221; _builder_version=&#8221;4.7.7&#8243; _module_preset=&#8221;default&#8221; header_text_color=&#8221;#000000&#8243; header_font_size=&#8221;80px&#8221; header_letter_spacing=&#8221;-0.08em&#8221; notation_font=&#8221;||||||||&#8221; notation_font_size=&#8221;80px&#8221; notation_letter_spacing=&#8221;-0.08em&#8221; header_font_size_tablet=&#8221;80px&#8221; header_font_size_phone=&#8221;40px&#8221; header_font_size_last_edited=&#8221;on|phone&#8221;][\/dsm_text_notation][\/et_pb_column][\/et_pb_row][et_pb_row _builder_version=&#8221;4.7.7&#8243; _module_preset=&#8221;default&#8221;][et_pb_column type=&#8221;4_4&#8243; _builder_version=&#8221;4.7.7&#8243; _module_preset=&#8221;default&#8221;][et_pb_text disabled_on=&#8221;off|on|on&#8221; _builder_version=&#8221;4.7.7&#8243; _module_preset=&#8221;default&#8221; header_2_font=&#8221;|700|||||||&#8221; header_2_text_align=&#8221;center&#8221; header_2_text_color=&#8221;#000000&#8243; header_2_font_size=&#8221;30px&#8221;]<\/p>\n<h2>Titulaci\u00f3<\/h2>\n<p>[\/et_pb_text][\/et_pb_column][\/et_pb_row][et_pb_row column_structure=&#8221;1_2,1_2&#8243; make_equal=&#8221;on&#8221; _builder_version=&#8221;4.7.7&#8243;][et_pb_column type=&#8221;1_2&#8243; _builder_version=&#8221;4.7.7&#8243; background_image=&#8221;https:\/\/ailish-holly.com\/wp-content\/uploads\/sites\/9\/2020\/12\/freelance-writer-04.png&#8221; background_size=&#8221;initial&#8221; background_position=&#8221;top_right&#8221; background_last_edited=&#8221;on|tablet&#8221; background_position_tablet=&#8221;top_left&#8221; background_position_phone=&#8221;top_left&#8221;][et_pb_text _builder_version=&#8221;4.7.7&#8243; header_3_font=&#8221;Ubuntu|700|||||||&#8221; header_3_line_height=&#8221;1.5em&#8221; background_enable_image=&#8221;off&#8221; background_size=&#8221;initial&#8221; background_position=&#8221;center_right&#8221; text_orientation=&#8221;right&#8221; header_3_font_size_last_edited=&#8221;off|phone&#8221; text_orientation_tablet=&#8221;left&#8221; text_orientation_phone=&#8221;&#8221; text_orientation_last_edited=&#8221;on|tablet&#8221;]<\/p>\n<h3>Titulaci\u00f3<\/h3>\n<p>[\/et_pb_text][\/et_pb_column][et_pb_column type=&#8221;1_2&#8243; _builder_version=&#8221;4.4.5&#8243;][et_pb_text _builder_version=&#8221;4.7.7&#8243; text_font=&#8221;Cutive||||||||&#8221; text_text_color=&#8221;#000000&#8243; text_line_height=&#8221;2em&#8221; header_2_text_color=&#8221;#000000&#8243; custom_margin=&#8221;||20px||false|false&#8221; text_font_size_tablet=&#8221;&#8221; text_font_size_phone=&#8221;13px&#8221; text_font_size_last_edited=&#8221;on|phone&#8221;]<\/p>\n<p>M\u00e0ster en Estudis de Traducci\u00f3 (Dublin City University).<br \/>Llicenciatura en Espanyol i Franc\u00e8s (Trinity College Dublin).<\/p>\n<p>[\/et_pb_text][\/et_pb_column][\/et_pb_row][et_pb_row column_structure=&#8221;1_2,1_2&#8243; make_equal=&#8221;on&#8221; _builder_version=&#8221;4.7.7&#8243;][et_pb_column type=&#8221;1_2&#8243; _builder_version=&#8221;4.7.7&#8243; background_image=&#8221;https:\/\/ailish-holly.com\/wp-content\/uploads\/sites\/9\/2020\/12\/freelance-writer-04.png&#8221; background_size=&#8221;initial&#8221; background_position=&#8221;top_right&#8221; background_last_edited=&#8221;on|tablet&#8221; background_position_tablet=&#8221;top_left&#8221; background_position_phone=&#8221;top_left&#8221;][et_pb_text _builder_version=&#8221;4.7.7&#8243; header_2_text_color=&#8221;#000000&#8243; header_3_font=&#8221;Ubuntu|700|||||||&#8221; header_3_line_height=&#8221;1.5em&#8221; background_enable_image=&#8221;off&#8221; background_size=&#8221;initial&#8221; background_position=&#8221;center_right&#8221; text_orientation=&#8221;right&#8221; header_3_font_size_tablet=&#8221;20px&#8221; header_3_font_size_phone=&#8221;18px&#8221; header_3_font_size_last_edited=&#8221;on|phone&#8221; text_orientation_tablet=&#8221;left&#8221; text_orientation_phone=&#8221;&#8221; text_orientation_last_edited=&#8221;on|tablet&#8221;]<\/p>\n<h3>Desenvolupament professional continu<\/h3>\n<p>[\/et_pb_text][\/et_pb_column][et_pb_column type=&#8221;1_2&#8243; _builder_version=&#8221;4.4.5&#8243;][et_pb_text _builder_version=&#8221;4.7.7&#8243; text_font=&#8221;Cutive||||||||&#8221; text_text_color=&#8221;#000000&#8243; text_line_height=&#8221;2em&#8221; header_2_text_color=&#8221;#000000&#8243; custom_margin=&#8221;||20px||false|false&#8221; text_font_size_tablet=&#8221;&#8221; text_font_size_phone=&#8221;13px&#8221; text_font_size_last_edited=&#8221;on|phone&#8221;]S\u00f3c membre de l&#8217;associaci\u00f3 <a href=\"https:\/\/www.metmeetings.org\/\" target=\"_blank\" rel=\"noopener noreferrer\" title=\"Mediterranean Editors &amp; Translators (MET)\" style=\"text-decoration: underline\">Mediterranean Editors &amp; Translators (MET)<\/a>, i participo regularment a tallers i cursos per polir les meves habilitats ling\u00fc\u00edstiques i dedicar hores al desenvolupament professional continu.[\/et_pb_text][\/et_pb_column][\/et_pb_row][et_pb_row column_structure=&#8221;1_2,1_2&#8243; make_equal=&#8221;on&#8221; _builder_version=&#8221;4.7.7&#8243;][et_pb_column type=&#8221;1_2&#8243; _builder_version=&#8221;4.7.7&#8243; background_image=&#8221;https:\/\/ailish-holly.com\/wp-content\/uploads\/sites\/9\/2020\/12\/freelance-writer-04.png&#8221; background_size=&#8221;initial&#8221; background_position=&#8221;top_right&#8221; background_last_edited=&#8221;on|tablet&#8221; background_position_tablet=&#8221;top_left&#8221; background_position_phone=&#8221;top_left&#8221;][et_pb_text _builder_version=&#8221;4.7.7&#8243; header_2_text_color=&#8221;#000000&#8243; header_3_font=&#8221;Ubuntu|700|||||||&#8221; header_3_line_height=&#8221;1.5em&#8221; background_enable_image=&#8221;off&#8221; background_size=&#8221;initial&#8221; background_position=&#8221;center_right&#8221; text_orientation=&#8221;right&#8221; header_3_font_size_tablet=&#8221;20px&#8221; header_3_font_size_phone=&#8221;18px&#8221; header_3_font_size_last_edited=&#8221;on|phone&#8221; text_orientation_tablet=&#8221;left&#8221; text_orientation_phone=&#8221;&#8221; text_orientation_last_edited=&#8221;on|tablet&#8221;]<\/p>\n<h3>LinkedIn<\/h3>\n<p>[\/et_pb_text][\/et_pb_column][et_pb_column type=&#8221;1_2&#8243; _builder_version=&#8221;4.4.5&#8243;][et_pb_text _builder_version=&#8221;4.7.7&#8243; text_font=&#8221;Cutive||||||||&#8221; text_text_color=&#8221;#000000&#8243; text_line_height=&#8221;2em&#8221; header_2_text_color=&#8221;#000000&#8243; custom_margin=&#8221;||20px||false|false&#8221; text_font_size_tablet=&#8221;&#8221; text_font_size_phone=&#8221;13px&#8221; text_font_size_last_edited=&#8221;on|phone&#8221;]<\/p>\n<p>M\u00e9s informaci\u00f3 al meu <a href=\"https:\/\/www.metmeetings.org\/\" target=\"_blank\" rel=\"noopener noreferrer\" title=\"Linkedin\" style=\"text-decoration: underline;\">perfil de LinkedIn.<\/a><\/p>\n<p>[\/et_pb_text][\/et_pb_column][\/et_pb_row][\/et_pb_section][et_pb_section fb_built=&#8221;1&#8243; admin_label=&#8221;Blog&#8221; _builder_version=&#8221;4.4.5&#8243; custom_padding=&#8221;0px|||||&#8221;][et_pb_row column_structure=&#8221;1_2,1_2&#8243; use_custom_gutter=&#8221;on&#8221; gutter_width=&#8221;2&#8243; _builder_version=&#8221;4.7.7&#8243; saved_tabs=&#8221;all&#8221;][et_pb_column type=&#8221;1_2&#8243; _builder_version=&#8221;4.4.5&#8243;][dsm_text_notation notation_text=&#8221;Portfoli&#8221; notation_color=&#8221;#FEE141&#8243; notation_width=&#8221;29&#8243; notation_iterations=&#8221;4&#8243; heading_html_tag=&#8221;h2&#8243; disabled_on=&#8221;on|off|off&#8221; _builder_version=&#8221;4.8.0&#8243; _module_preset=&#8221;default&#8221; header_text_color=&#8221;#000000&#8243; header_font_size=&#8221;80px&#8221; header_letter_spacing=&#8221;-0.08em&#8221; notation_font=&#8221;||||||||&#8221; notation_font_size=&#8221;80px&#8221; notation_letter_spacing=&#8221;-0.08em&#8221; header_font_size_tablet=&#8221;&#8221; header_font_size_phone=&#8221;30px&#8221; header_font_size_last_edited=&#8221;on|phone&#8221;][\/dsm_text_notation][et_pb_text disabled_on=&#8221;off|on|on&#8221; _builder_version=&#8221;4.7.7&#8243; _module_preset=&#8221;default&#8221; header_2_font=&#8221;|700|||||||&#8221; header_2_text_color=&#8221;#000000&#8243;]<\/p>\n<h2>Portfoli<\/h2>\n<p>[\/et_pb_text][\/et_pb_column][et_pb_column type=&#8221;1_2&#8243; _builder_version=&#8221;4.4.5&#8243;][et_pb_text module_id=&#8221;portfoli&#8221; _builder_version=&#8221;4.7.7&#8243; text_font=&#8221;Cutive||||||||&#8221; text_text_color=&#8221;#000000&#8243; text_line_height=&#8221;2em&#8221; header_2_text_color=&#8221;#000000&#8243; custom_margin=&#8221;||20px||false|false&#8221; text_font_size_tablet=&#8221;&#8221; text_font_size_phone=&#8221;13px&#8221; text_font_size_last_edited=&#8221;on|phone&#8221;]<\/p>\n<ul>\n<li>Traducci\u00f3 i correcci\u00f3 d\u2019articles acad\u00e8mics per a la seva publicaci\u00f3 en els camps de les ci\u00e8ncies socials, la psicologia, els estudis de g\u00e8nere, el cinema, l\u2019antropologia, l\u2019educaci\u00f3 i  els negocis.<\/li>\n<li>Subtitulaci\u00f3 de documentals, pel\u00b7l\u00edcules i cursos en l\u00ednia (art, il\u00b7lustraci\u00f3, fotografia, brodats, escriptura narrativa, xarxes socials).<\/li>\n<li>Traducci\u00f3 de documentaci\u00f3 d\u2019ONG.<\/li>\n<li>Traducci\u00f3 de projectes finan\u00e7ats pel Govern.<\/li>\n<li>Traducci\u00f3 de continguts de blogs i p\u00e0gines web (ioga, nutrici\u00f3, salut i benestar).<\/li>\n<li>Traducci\u00f3 de men\u00fas.<\/li>\n<li>Traducci\u00f3 del llibre &#8220;<a href=\"https:\/\/www.berghahnbooks.com\/title\/CanalsGoddess\" target=\"_blank\" rel=\"noopener noreferrer\">A Goddess in Motion: Visual Creativity in the Cult of Mar\u00eda Lionza<\/a>&#8221; de&#8217;n Roger Canals.<\/li>\n<li>Transcripci\u00f3 d\u2019entrevistes, confer\u00e8ncies, reunions i classes en l\u00ednia.<\/li>\n<\/ul>\n<p>[\/et_pb_text][\/et_pb_column][\/et_pb_row][\/et_pb_section][et_pb_section fb_built=&#8221;1&#8243; admin_label=&#8221;Testimonnials&#8221; _builder_version=&#8221;4.7.7&#8243; background_color=&#8221;#FEE141&#8243; animation_style=&#8221;slide&#8221; animation_intensity_slide=&#8221;4%&#8221;][et_pb_row _builder_version=&#8221;4.4.5&#8243;][et_pb_column type=&#8221;4_4&#8243; _builder_version=&#8221;4.4.5&#8243;][et_pb_image src=&#8221;https:\/\/ailish-holly.com\/wp-content\/uploads\/sites\/9\/2020\/12\/quote.png&#8221; title_text=&#8221;quote&#8221; align=&#8221;center&#8221; _builder_version=&#8221;4.7.7&#8243; width=&#8221;160px&#8221;][\/et_pb_image][et_pb_slider use_bg_overlay=&#8221;off&#8221; use_text_overlay=&#8221;off&#8221; arrows_custom_color=&#8221;#000000&#8243; dot_nav_custom_color=&#8221;#000000&#8243; _builder_version=&#8221;4.7.7&#8243; header_font=&#8221;Cutive||||||||&#8221; header_text_color=&#8221;#000000&#8243; header_font_size=&#8221;24px&#8221; header_line_height=&#8221;1.6em&#8221; body_font=&#8221;Ubuntu|700|||||||&#8221; body_text_color=&#8221;#000000&#8243; body_font_size=&#8221;18px&#8221; body_line_height=&#8221;1.8em&#8221; custom_padding=&#8221;0px||70px||false|true&#8221; header_font_size_tablet=&#8221;20px&#8221; header_font_size_phone=&#8221;14px&#8221; header_font_size_last_edited=&#8221;on|phone&#8221; header_line_height_tablet=&#8221;1.8em&#8221; header_line_height_phone=&#8221;1.8em&#8221; header_line_height_last_edited=&#8221;on|phone&#8221; body_font_size_tablet=&#8221;16px&#8221; body_font_size_phone=&#8221;14px&#8221; body_font_size_last_edited=&#8221;on|tablet&#8221; header_text_shadow_style=&#8221;preset5&#8243; header_text_shadow_color=&#8221;rgba(0,0,0,0)&#8221; body_text_shadow_style=&#8221;preset5&#8243; body_text_shadow_color=&#8221;rgba(0,0,0,0)&#8221;][et_pb_slide heading=&#8221;%22L&#8217;Ailish s&#8217;ha encarregat de m\u00faltiples traduccions i revisions de textos meus durant els \u00faltims tres anys i sempre ha fet una feina impecable. M&#8217;han acceptat articles acad\u00e8mics en revistes d&#8217;alta indexaci\u00f3 com Positions: \u00c0sia Critique a partir de revisions seves, i el seu treball m&#8217;ha servit tamb\u00e9 per presentar projectes de recerca a la sol\u00b7licitud de beques postdoctorals com la Marie Sklodowska-Curie o la British Academy. A m\u00e9s el seu tracte, disponibilitat i efici\u00e8ncia en l&#8217;execuci\u00f3 del seu treball sempre han estat excel\u00b7lents%22&#8243; _builder_version=&#8221;4.7.7&#8243; background_color=&#8221;rgba(0,0,0,0)&#8221; background_enable_color=&#8221;on&#8221; sticky_transition=&#8221;on&#8221;]<\/p>\n<p><i><span style=\"font-weight: 400;\">Ferran de Vargas &#8211; Doctor en Estudis Interculturals<\/span><\/i><\/p>\n<p>[\/et_pb_slide][et_pb_slide heading=&#8221;%22Des de l&#8217;any 2008 comptem en moltes ocasions amb la col\u00b7laboraci\u00f3 de l&#8217;Ailish com a traductora, una professional brillant en el camp dels serveis ling\u00fc\u00edstics en angl\u00e8s, tant com a traductora del catal\u00e0 i castell\u00e0 a l&#8217;angl\u00e8s com a correctora i redactora en aquesta llengua. Hem treballat amb ella en projectes de traducci\u00f3 de textos per a museus, fulletons, p\u00e0gines web, informes i altres tipus de textos de divulgaci\u00f3, aix\u00ed com en projectes de subtitulaci\u00f3. Tant nosaltres com a ag\u00e8ncia, com els nostres clients directes, estem molt satisfets per la qualitat de les seves traduccions, aix\u00ed com per la seva professionalitat en el tracte i la puntualitat en les entregues. No dubtem en cap moment a seguir treballant amb ella en el futur i a recomanar-la a altres professionals%22&#8243; _builder_version=&#8221;4.7.7&#8243; background_color=&#8221;rgba(0,0,0,0)&#8221; background_enable_color=&#8221;on&#8221; sticky_transition=&#8221;on&#8221;]<\/p>\n<p><i><span style=\"font-weight: 400;\">Subtil &#8211; Comunicaci\u00f3 i Accessibilitat<\/span><\/i><\/p>\n<p>[\/et_pb_slide][\/et_pb_slider][\/et_pb_column][\/et_pb_row][\/et_pb_section][et_pb_section fb_built=&#8221;1&#8243; admin_label=&#8221;Blog&#8221; _builder_version=&#8221;4.4.5&#8243; custom_padding=&#8221;144px|||||&#8221; saved_tabs=&#8221;all&#8221;][et_pb_row column_structure=&#8221;1_3,2_3&#8243; use_custom_gutter=&#8221;on&#8221; gutter_width=&#8221;2&#8243; _builder_version=&#8221;4.7.7&#8243;][et_pb_column type=&#8221;1_3&#8243; _builder_version=&#8221;4.4.5&#8243;][dsm_text_notation notation_text=&#8221;FAQs&#8221; notation_color=&#8221;#FEE141&#8243; notation_width=&#8221;29&#8243; notation_iterations=&#8221;4&#8243; heading_html_tag=&#8221;h2&#8243; _builder_version=&#8221;4.7.7&#8243; _module_preset=&#8221;default&#8221; header_text_color=&#8221;#000000&#8243; header_font_size=&#8221;80px&#8221; header_letter_spacing=&#8221;-0.08em&#8221; notation_font=&#8221;||||||||&#8221; notation_font_size=&#8221;80px&#8221; notation_letter_spacing=&#8221;-0.08em&#8221;][\/dsm_text_notation][\/et_pb_column][et_pb_column type=&#8221;2_3&#8243; _builder_version=&#8221;4.4.5&#8243;][et_pb_accordion open_toggle_background_color=&#8221;rgba(0,0,0,0)&#8221; closed_toggle_background_color=&#8221;rgba(0,0,0,0)&#8221; icon_color=&#8221;#000000&#8243; _builder_version=&#8221;4.7.7&#8243; _module_preset=&#8221;default&#8221; toggle_text_color=&#8221;#FF4200&#8243; toggle_level=&#8221;h3&#8243; toggle_font=&#8221;Ubuntu|700|||||||&#8221; toggle_font_size=&#8221;22px&#8221; border_width_all=&#8221;0px&#8221; border_width_bottom=&#8221;1px&#8221;][et_pb_accordion_item title=&#8221;Com engeguem motors?&#8221; open=&#8221;on&#8221; open_toggle_text_color=&#8221;#111111&#8243; _builder_version=&#8221;4.7.7&#8243; _module_preset=&#8221;default&#8221; toggle_text_color=&#8221;#111&#8243;]<\/p>\n<p><span style=\"font-weight: 400;\">Primer necessitar\u00e9 veure el document que et cal traduir. Envia\u2019m el document, en far\u00e9 una valoraci\u00f3 i t\u2019enviar\u00e9 un pressupost.<\/span><\/p>\n<p>[\/et_pb_accordion_item][et_pb_accordion_item title=&#8221;Quant temps necessito?&#8221; open_toggle_text_color=&#8221;#11111&#8243; _builder_version=&#8221;4.7.7&#8243; _module_preset=&#8221;default&#8221; toggle_text_color=&#8221;#111&#8243; open=&#8221;off&#8221;]<\/p>\n<p><span style=\"font-weight: 400;\">Dep\u00e8n de molts factors (nombre de paraules, terminologia espec\u00edfica, recerca necess\u00e0ria, etc\u00e8tera), per\u00f2 perqu\u00e8 te\u2019n facis una idea, tradueixo unes 2.500 paraules per dia aproximadament.<\/span><\/p>\n<p>[\/et_pb_accordion_item][et_pb_accordion_item title=&#8221;He escrit un article per publicar en angl\u00e8s, per\u00f2 no s\u00f3c nadiu de parla anglesa. Em pots ajudar?&#8221; open_toggle_text_color=&#8221;#111&#8243; _builder_version=&#8221;4.7.7&#8243; _module_preset=&#8221;default&#8221; toggle_text_color=&#8221;#111&#8243; open=&#8221;off&#8221;]<\/p>\n<p><span style=\"font-weight: 400;\">I tant! Envia\u2019m el document i et dir\u00e9 com em sembla que et puc ajudar. <\/span><\/p>\n<p>[\/et_pb_accordion_item][et_pb_accordion_item title=&#8221;Tinc material audiovisual que necessito que estigui tradu\u00eft. Em pots ajudar?&#8221; open_toggle_text_color=&#8221;#111&#8243; _builder_version=&#8221;4.7.7&#8243; _module_preset=&#8221;default&#8221; toggle_text_color=&#8221;#111&#8243; open=&#8221;off&#8221;]<\/p>\n<p><span style=\"font-weight: 400;\">S\u00ed, puc traduir el gui\u00f3 de la pel\u00b7l\u00edcula o del documental o crear subt\u00edtols i traduir-los per al teu p\u00fablic objectiu.<\/span><\/p>\n<p>[\/et_pb_accordion_item][\/et_pb_accordion][\/et_pb_column][\/et_pb_row][\/et_pb_section]<\/p>\n","protected":false},"excerpt":{"rendered":"<p>Soc l&#8217;Ailish,traductora i correctoraLa meva curiositat i amor per les lleng\u00fces es remunta als vespres c\u00e0lids de la Dordonya francesa on em relacionava amb nens i nenes de parla francesa i intentava entendre el que deien. Despr\u00e9s, immersa en els mesos d&#8217;hivern a Irlanda esperava ansiosa les cartes escrites a m\u00e0 dels meus amics per poder apuntar paraules noves en franc\u00e8s i comen\u00e7ar a escriure&#8217;ls la seg\u00fcent carta. La traducci\u00f3 era part del meu dest\u00ed. Ara que visc a Catalunya, estic immersa en una cultura estrangera cada dia, per\u00f2 mantinc intactes les meves arrels irlandeses i ajudo la gent a superar el sentiment de &#8220;lost in translation&#8221; i a tenir una veu en angl\u00e8s segura, natural i convincent. El 2004 vaig llicenciar-me en Espanyol i Franc\u00e8s al Trinity College de Dubl\u00edn, una carrera que inclo\u00efa m\u00f2duls de literatura, an\u00e0lisi de text i traducci\u00f3. El m\u00e0ster en Estudis de Traducci\u00f3 que vaig realitzar posteriorment em va permetre ampliar els meus coneixements en aquest \u00e0mbit i augmentar la meva sensibilitat envers tots els aspectes ling\u00fc\u00edstics, culturals i intel\u00b7lectuals que intervenen en el camp de la traducci\u00f3.<div class=\"et_pb_module dsm_block_reveal_image dsm_block_reveal_image_0\">\n\t\t\t\t\n\t\t\t\t\n\t\t\t\t\n\t\t\t\t\n\t\t\t\t\n\t\t\t\t\n\t\t\t\t<div class=\"et_pb_module_inner\">\n\t\t\t\t\t<div class=\"dsm_block_reveal_image_wrapper\" >\n\t\t\t\t\n\t\t\t\t\n\t\t\t\t<span class=\"et_pb_image_wrap\" data-dsm-block-reveal-animation=\"lr\" data-dsm-block-reveal-color=\"#FBE041\" data-dsm-block-reveal-delay=\"1\" data-dsm-block-reveal-viewport=\"80%\"><img decoding=\"async\" src=\"https:\/\/ailish-holly.com\/wp-content\/uploads\/sites\/9\/2020\/12\/ailish-holly.jpg\" alt=\"\" title=\"ailish-holly\" srcset=\"https:\/\/ailish-holly.com\/wp-content\/uploads\/sites\/9\/2020\/12\/ailish-holly.jpg 800w, https:\/\/ailish-holly.com\/wp-content\/uploads\/sites\/9\/2020\/12\/ailish-holly-480x652.jpg 480w\" sizes=\"(min-width: 0px) and (max-width: 480px) 480px, (min-width: 481px) 800px, 100vw\" \/><\/span>\n\t\t\t<\/div>\n\t\t\t\t<\/div>\n\t\t\t<\/div><div class=\"et_pb_module dsm_text_notation dsm_text_notation_0  et_pb_bg_layout_light\">\n\t\t\t\t\n\t\t\t\t\n\t\t\t\t\n\t\t\t\t\n\t\t\t\t\n\t\t\t\t\n\t\t\t\t<div class=\"et_pb_module_inner\">\n\t\t\t\t\t<&#8221;h2&#8243; class=\"dsm-text-notation-main et_pb_module_header\"><span data-notation=\"[{&quot;type&quot;:&quot;underline&quot;,&quot;color&quot;:&quot;&#8221;#FEE141&#8243;&quot;,&quot;stroke-width&quot;:&quot;&#8221;29&#8243;&quot;,&quot;iterations&quot;:&quot;&#8221;4&#8243;&quot;,&quot;brackets&quot;:&quot;left|right&quot;,&quot;viewport&quot;:&quot;80%&quot;,&quot;delay&quot;:&quot;0ms&quot;,&quot;divi-animate&quot;:&quot;none&quot;,&quot;divi-animate-duration&quot;:&quot;1000ms&quot;,&quot;divi-animate-delay&quot;:&quot;0ms&quot;}]\" class=\"dsm-text-notation-middle\">&#8221;Titulaci\u00f3&#8221;<\/span><\/&#8221;h2&#8243;>\n\t\t\t\t<\/div>\n\t\t\t<\/div><\/p>\n","protected":false},"author":1,"featured_media":0,"parent":0,"menu_order":0,"comment_status":"closed","ping_status":"closed","template":"","meta":{"_et_pb_use_builder":"on","_et_pb_old_content":"","_et_gb_content_width":"","footnotes":""},"class_list":["post-568","page","type-page","status-publish","hentry"],"_links":{"self":[{"href":"https:\/\/ailish-holly.com\/ca\/wp-json\/wp\/v2\/pages\/568","targetHints":{"allow":["GET"]}}],"collection":[{"href":"https:\/\/ailish-holly.com\/ca\/wp-json\/wp\/v2\/pages"}],"about":[{"href":"https:\/\/ailish-holly.com\/ca\/wp-json\/wp\/v2\/types\/page"}],"author":[{"embeddable":true,"href":"https:\/\/ailish-holly.com\/ca\/wp-json\/wp\/v2\/users\/1"}],"replies":[{"embeddable":true,"href":"https:\/\/ailish-holly.com\/ca\/wp-json\/wp\/v2\/comments?post=568"}],"version-history":[{"count":0,"href":"https:\/\/ailish-holly.com\/ca\/wp-json\/wp\/v2\/pages\/568\/revisions"}],"wp:attachment":[{"href":"https:\/\/ailish-holly.com\/ca\/wp-json\/wp\/v2\/media?parent=568"}],"curies":[{"name":"wp","href":"https:\/\/api.w.org\/{rel}","templated":true}]}}